{"id":116,"date":"2025-01-02T11:54:20","date_gmt":"2025-01-02T11:54:20","guid":{"rendered":"https:\/\/performance.texoplex.ch\/?page_id=116"},"modified":"2025-01-02T12:09:34","modified_gmt":"2025-01-02T12:09:34","slug":"performance-iii","status":"publish","type":"page","link":"https:\/\/performance.texoplex.ch\/?page_id=116","title":{"rendered":"Performance III"},"content":{"rendered":"\n<p>Trying to be an Artist<\/p>\n\n\n\n<figure class=\"wp-block-image size-large\"><img loading=\"lazy\" decoding=\"async\" width=\"768\" height=\"1024\" src=\"https:\/\/performance.texoplex.ch\/wp-content\/uploads\/2025\/01\/11-768x1024.jpg\" alt=\"\" class=\"wp-image-117\" srcset=\"https:\/\/performance.texoplex.ch\/wp-content\/uploads\/2025\/01\/11-768x1024.jpg 768w, https:\/\/performance.texoplex.ch\/wp-content\/uploads\/2025\/01\/11-225x300.jpg 225w, https:\/\/performance.texoplex.ch\/wp-content\/uploads\/2025\/01\/11.jpg 960w\" sizes=\"auto, (max-width: 768px) 100vw, 768px\" \/><\/figure>\n\n\n\n<figure class=\"wp-block-gallery has-nested-images columns-default is-cropped wp-block-gallery-1 is-layout-flex wp-block-gallery-is-layout-flex\">\n<figure class=\"wp-block-image size-large\"><img loading=\"lazy\" decoding=\"async\" width=\"1024\" height=\"768\" data-id=\"118\" src=\"https:\/\/performance.texoplex.ch\/wp-content\/uploads\/2025\/01\/1-1-1024x768.jpg\" alt=\"\" class=\"wp-image-118\" srcset=\"https:\/\/performance.texoplex.ch\/wp-content\/uploads\/2025\/01\/1-1-1024x768.jpg 1024w, https:\/\/performance.texoplex.ch\/wp-content\/uploads\/2025\/01\/1-1-300x225.jpg 300w, https:\/\/performance.texoplex.ch\/wp-content\/uploads\/2025\/01\/1-1-768x576.jpg 768w, https:\/\/performance.texoplex.ch\/wp-content\/uploads\/2025\/01\/1-1.jpg 1280w\" sizes=\"auto, (max-width: 1024px) 100vw, 1024px\" \/><\/figure>\n\n\n\n<figure class=\"wp-block-image size-large\"><img loading=\"lazy\" decoding=\"async\" width=\"768\" height=\"1024\" data-id=\"119\" src=\"https:\/\/performance.texoplex.ch\/wp-content\/uploads\/2025\/01\/2-1-768x1024.jpg\" alt=\"\" class=\"wp-image-119\" srcset=\"https:\/\/performance.texoplex.ch\/wp-content\/uploads\/2025\/01\/2-1-768x1024.jpg 768w, https:\/\/performance.texoplex.ch\/wp-content\/uploads\/2025\/01\/2-1-225x300.jpg 225w, https:\/\/performance.texoplex.ch\/wp-content\/uploads\/2025\/01\/2-1.jpg 960w\" sizes=\"auto, (max-width: 768px) 100vw, 768px\" \/><\/figure>\n\n\n\n<figure class=\"wp-block-image size-large\"><img loading=\"lazy\" decoding=\"async\" width=\"768\" height=\"1024\" data-id=\"120\" src=\"https:\/\/performance.texoplex.ch\/wp-content\/uploads\/2025\/01\/3-1-768x1024.jpg\" alt=\"\" class=\"wp-image-120\" srcset=\"https:\/\/performance.texoplex.ch\/wp-content\/uploads\/2025\/01\/3-1-768x1024.jpg 768w, https:\/\/performance.texoplex.ch\/wp-content\/uploads\/2025\/01\/3-1-225x300.jpg 225w, https:\/\/performance.texoplex.ch\/wp-content\/uploads\/2025\/01\/3-1.jpg 960w\" sizes=\"auto, (max-width: 768px) 100vw, 768px\" \/><\/figure>\n\n\n\n<figure class=\"wp-block-image size-large\"><img loading=\"lazy\" decoding=\"async\" width=\"1024\" height=\"787\" data-id=\"121\" src=\"https:\/\/performance.texoplex.ch\/wp-content\/uploads\/2025\/01\/4-1-1024x787.jpg\" alt=\"\" class=\"wp-image-121\" srcset=\"https:\/\/performance.texoplex.ch\/wp-content\/uploads\/2025\/01\/4-1-1024x787.jpg 1024w, https:\/\/performance.texoplex.ch\/wp-content\/uploads\/2025\/01\/4-1-300x231.jpg 300w, https:\/\/performance.texoplex.ch\/wp-content\/uploads\/2025\/01\/4-1-768x591.jpg 768w, https:\/\/performance.texoplex.ch\/wp-content\/uploads\/2025\/01\/4-1.jpg 1199w\" sizes=\"auto, (max-width: 1024px) 100vw, 1024px\" \/><\/figure>\n\n\n\n<figure class=\"wp-block-image size-large\"><img loading=\"lazy\" decoding=\"async\" width=\"768\" height=\"1024\" data-id=\"122\" src=\"https:\/\/performance.texoplex.ch\/wp-content\/uploads\/2025\/01\/5-1-768x1024.jpg\" alt=\"\" class=\"wp-image-122\" srcset=\"https:\/\/performance.texoplex.ch\/wp-content\/uploads\/2025\/01\/5-1-768x1024.jpg 768w, https:\/\/performance.texoplex.ch\/wp-content\/uploads\/2025\/01\/5-1-225x300.jpg 225w, https:\/\/performance.texoplex.ch\/wp-content\/uploads\/2025\/01\/5-1.jpg 960w\" sizes=\"auto, (max-width: 768px) 100vw, 768px\" \/><\/figure>\n\n\n\n<figure class=\"wp-block-image size-large\"><img loading=\"lazy\" decoding=\"async\" width=\"692\" height=\"885\" data-id=\"124\" src=\"https:\/\/performance.texoplex.ch\/wp-content\/uploads\/2025\/01\/9.jpg\" alt=\"\" class=\"wp-image-124\" srcset=\"https:\/\/performance.texoplex.ch\/wp-content\/uploads\/2025\/01\/9.jpg 692w, https:\/\/performance.texoplex.ch\/wp-content\/uploads\/2025\/01\/9-235x300.jpg 235w\" sizes=\"auto, (max-width: 692px) 100vw, 692px\" \/><\/figure>\n<\/figure>\n\n\n\n<p>2010 @ home<\/p>\n\n\n\n<p>Ich setzte mich als Mumie verkleidet an den Tisch. Teller, L\u00f6ffel, Glas und Schachtel sind bemalt, so dass die ganze Situation durch die Kameralinse wie ein Gem\u00e4lde aussehen soll.<br>Ein Stilleben.<\/p>\n\n\n\n<p>Die Mumie wird irgendwann unsterblich werden und so in die Kunstgeschichte eingehen. Sie versucht eine K\u00fcnstlerin zu sein. Hat Hunger. Doch der Teller bleibt leer.<br><br>Als erstes f\u00e4llt wie Tropfen schwarze Farbe auf das Silleben. Schwarz. Bis Teller, L\u00f6ffel, Glas und Schachtel ganz in Schwarz get\u00fcnkt sind. Dunkel, und alles Licht verschluckt. Dann folgen die Lichteffekte mit Weiss, und Tad\u00e0! &#8211; bereit ist die Mahlzeit&#8230;<br><br>&#8222;Bon App!&#8220;<\/p>\n","protected":false},"excerpt":{"rendered":"<p>Trying to be an Artist 2010 @ home Ich setzte mich als Mumie verkleidet an den Tisch. Teller, L\u00f6ffel, Glas und Schachtel sind bemalt, so dass die ganze Situation durch die Kameralinse wie ein Gem\u00e4lde aussehen soll.Ein Stilleben. Die Mumie wird irgendwann unsterblich werden und so in die Kunstgeschichte eingehen. Sie versucht eine K\u00fcnstlerin zu [&hellip;]<\/p>\n","protected":false},"author":1,"featured_media":0,"parent":0,"menu_order":0,"comment_status":"closed","ping_status":"closed","template":"","meta":{"footnotes":""},"class_list":["post-116","page","type-page","status-publish","hentry"],"_links":{"self":[{"href":"https:\/\/performance.texoplex.ch\/index.php?rest_route=\/wp\/v2\/pages\/116","targetHints":{"allow":["GET"]}}],"collection":[{"href":"https:\/\/performance.texoplex.ch\/index.php?rest_route=\/wp\/v2\/pages"}],"about":[{"href":"https:\/\/performance.texoplex.ch\/index.php?rest_route=\/wp\/v2\/types\/page"}],"author":[{"embeddable":true,"href":"https:\/\/performance.texoplex.ch\/index.php?rest_route=\/wp\/v2\/users\/1"}],"replies":[{"embeddable":true,"href":"https:\/\/performance.texoplex.ch\/index.php?rest_route=%2Fwp%2Fv2%2Fcomments&post=116"}],"version-history":[{"count":6,"href":"https:\/\/performance.texoplex.ch\/index.php?rest_route=\/wp\/v2\/pages\/116\/revisions"}],"predecessor-version":[{"id":131,"href":"https:\/\/performance.texoplex.ch\/index.php?rest_route=\/wp\/v2\/pages\/116\/revisions\/131"}],"wp:attachment":[{"href":"https:\/\/performance.texoplex.ch\/index.php?rest_route=%2Fwp%2Fv2%2Fmedia&parent=116"}],"curies":[{"name":"wp","href":"https:\/\/api.w.org\/{rel}","templated":true}]}}