{"id":10,"date":"2025-01-01T19:32:23","date_gmt":"2025-01-01T19:32:23","guid":{"rendered":"https:\/\/performance.texoplex.ch\/?page_id=10"},"modified":"2025-01-03T17:09:27","modified_gmt":"2025-01-03T17:09:27","slug":"performance-ii","status":"publish","type":"page","link":"https:\/\/performance.texoplex.ch\/?page_id=10","title":{"rendered":"Performance II"},"content":{"rendered":"\n<p>Buy the very expensive book of B. Anana &#8211; My Body<br><\/p>\n\n\n\n<figure class=\"wp-block-video\"><video height=\"848\" style=\"aspect-ratio: 480 \/ 848;\" width=\"480\" controls src=\"https:\/\/performance.texoplex.ch\/wp-content\/uploads\/2025\/01\/AQNqO07dWP_S7zP_2MtWb46bxa8oTe6d9jm6hdTvatciheWhnr4X-Dk3O7a7HzZkcMp9lt9p_mJ1_QP0PD6Au7tE.mp4\"><\/video><\/figure>\n\n\n\n<figure class=\"wp-block-gallery has-nested-images columns-default is-cropped wp-block-gallery-1 is-layout-flex wp-block-gallery-is-layout-flex\">\n<figure class=\"wp-block-image size-large\"><img loading=\"lazy\" decoding=\"async\" width=\"1024\" height=\"1024\" data-id=\"61\" src=\"https:\/\/performance.texoplex.ch\/wp-content\/uploads\/2025\/01\/471402018_576731301655786_6432889330509271492_n-1-1024x1024.jpg\" alt=\"\" class=\"wp-image-61\" srcset=\"https:\/\/performance.texoplex.ch\/wp-content\/uploads\/2025\/01\/471402018_576731301655786_6432889330509271492_n-1-1024x1024.jpg 1024w, https:\/\/performance.texoplex.ch\/wp-content\/uploads\/2025\/01\/471402018_576731301655786_6432889330509271492_n-1-300x300.jpg 300w, https:\/\/performance.texoplex.ch\/wp-content\/uploads\/2025\/01\/471402018_576731301655786_6432889330509271492_n-1-150x150.jpg 150w, https:\/\/performance.texoplex.ch\/wp-content\/uploads\/2025\/01\/471402018_576731301655786_6432889330509271492_n-1-768x768.jpg 768w, https:\/\/performance.texoplex.ch\/wp-content\/uploads\/2025\/01\/471402018_576731301655786_6432889330509271492_n-1.jpg 1080w\" sizes=\"auto, (max-width: 1024px) 100vw, 1024px\" \/><\/figure>\n\n\n\n<figure class=\"wp-block-image size-large\"><img loading=\"lazy\" decoding=\"async\" width=\"1024\" height=\"1024\" data-id=\"65\" src=\"https:\/\/performance.texoplex.ch\/wp-content\/uploads\/2025\/01\/1471423092_576723741656542_5388476175905628947_n-1024x1024.jpg\" alt=\"\" class=\"wp-image-65\" srcset=\"https:\/\/performance.texoplex.ch\/wp-content\/uploads\/2025\/01\/1471423092_576723741656542_5388476175905628947_n-1024x1024.jpg 1024w, https:\/\/performance.texoplex.ch\/wp-content\/uploads\/2025\/01\/1471423092_576723741656542_5388476175905628947_n-300x300.jpg 300w, https:\/\/performance.texoplex.ch\/wp-content\/uploads\/2025\/01\/1471423092_576723741656542_5388476175905628947_n-150x150.jpg 150w, https:\/\/performance.texoplex.ch\/wp-content\/uploads\/2025\/01\/1471423092_576723741656542_5388476175905628947_n-768x768.jpg 768w, https:\/\/performance.texoplex.ch\/wp-content\/uploads\/2025\/01\/1471423092_576723741656542_5388476175905628947_n.jpg 1080w\" sizes=\"auto, (max-width: 1024px) 100vw, 1024px\" \/><\/figure>\n\n\n\n<figure class=\"wp-block-image size-large\"><img loading=\"lazy\" decoding=\"async\" width=\"1024\" height=\"1024\" data-id=\"64\" src=\"https:\/\/performance.texoplex.ch\/wp-content\/uploads\/2025\/01\/871998726_576723751656541_5186288659994349889_n-1024x1024.jpg\" alt=\"\" class=\"wp-image-64\" srcset=\"https:\/\/performance.texoplex.ch\/wp-content\/uploads\/2025\/01\/871998726_576723751656541_5186288659994349889_n-1024x1024.jpg 1024w, https:\/\/performance.texoplex.ch\/wp-content\/uploads\/2025\/01\/871998726_576723751656541_5186288659994349889_n-300x300.jpg 300w, https:\/\/performance.texoplex.ch\/wp-content\/uploads\/2025\/01\/871998726_576723751656541_5186288659994349889_n-150x150.jpg 150w, https:\/\/performance.texoplex.ch\/wp-content\/uploads\/2025\/01\/871998726_576723751656541_5186288659994349889_n-768x768.jpg 768w, https:\/\/performance.texoplex.ch\/wp-content\/uploads\/2025\/01\/871998726_576723751656541_5186288659994349889_n.jpg 1080w\" sizes=\"auto, (max-width: 1024px) 100vw, 1024px\" \/><\/figure>\n\n\n\n<figure class=\"wp-block-image size-large\"><img loading=\"lazy\" decoding=\"async\" width=\"1024\" height=\"1024\" data-id=\"68\" src=\"https:\/\/performance.texoplex.ch\/wp-content\/uploads\/2025\/01\/2471379119_576723748323208_876232819211133216_n-1024x1024.jpg\" alt=\"\" class=\"wp-image-68\" srcset=\"https:\/\/performance.texoplex.ch\/wp-content\/uploads\/2025\/01\/2471379119_576723748323208_876232819211133216_n-1024x1024.jpg 1024w, https:\/\/performance.texoplex.ch\/wp-content\/uploads\/2025\/01\/2471379119_576723748323208_876232819211133216_n-300x300.jpg 300w, https:\/\/performance.texoplex.ch\/wp-content\/uploads\/2025\/01\/2471379119_576723748323208_876232819211133216_n-150x150.jpg 150w, https:\/\/performance.texoplex.ch\/wp-content\/uploads\/2025\/01\/2471379119_576723748323208_876232819211133216_n-768x768.jpg 768w, https:\/\/performance.texoplex.ch\/wp-content\/uploads\/2025\/01\/2471379119_576723748323208_876232819211133216_n.jpg 1080w\" sizes=\"auto, (max-width: 1024px) 100vw, 1024px\" \/><\/figure>\n\n\n\n<figure class=\"wp-block-image size-large\"><img loading=\"lazy\" decoding=\"async\" width=\"1024\" height=\"1024\" data-id=\"66\" src=\"https:\/\/performance.texoplex.ch\/wp-content\/uploads\/2025\/01\/3471208097_576723761656540_7503984858276720672_n-1024x1024.jpg\" alt=\"\" class=\"wp-image-66\" srcset=\"https:\/\/performance.texoplex.ch\/wp-content\/uploads\/2025\/01\/3471208097_576723761656540_7503984858276720672_n-1024x1024.jpg 1024w, https:\/\/performance.texoplex.ch\/wp-content\/uploads\/2025\/01\/3471208097_576723761656540_7503984858276720672_n-300x300.jpg 300w, https:\/\/performance.texoplex.ch\/wp-content\/uploads\/2025\/01\/3471208097_576723761656540_7503984858276720672_n-150x150.jpg 150w, https:\/\/performance.texoplex.ch\/wp-content\/uploads\/2025\/01\/3471208097_576723761656540_7503984858276720672_n-768x768.jpg 768w, https:\/\/performance.texoplex.ch\/wp-content\/uploads\/2025\/01\/3471208097_576723761656540_7503984858276720672_n.jpg 1080w\" sizes=\"auto, (max-width: 1024px) 100vw, 1024px\" \/><\/figure>\n\n\n\n<figure class=\"wp-block-image size-large\"><img loading=\"lazy\" decoding=\"async\" width=\"1024\" height=\"1024\" data-id=\"67\" src=\"https:\/\/performance.texoplex.ch\/wp-content\/uploads\/2025\/01\/4471306643_576723744989875_2701784727806884906_n-1024x1024.jpg\" alt=\"\" class=\"wp-image-67\" srcset=\"https:\/\/performance.texoplex.ch\/wp-content\/uploads\/2025\/01\/4471306643_576723744989875_2701784727806884906_n-1024x1024.jpg 1024w, https:\/\/performance.texoplex.ch\/wp-content\/uploads\/2025\/01\/4471306643_576723744989875_2701784727806884906_n-300x300.jpg 300w, https:\/\/performance.texoplex.ch\/wp-content\/uploads\/2025\/01\/4471306643_576723744989875_2701784727806884906_n-150x150.jpg 150w, https:\/\/performance.texoplex.ch\/wp-content\/uploads\/2025\/01\/4471306643_576723744989875_2701784727806884906_n-768x768.jpg 768w, https:\/\/performance.texoplex.ch\/wp-content\/uploads\/2025\/01\/4471306643_576723744989875_2701784727806884906_n.jpg 1080w\" sizes=\"auto, (max-width: 1024px) 100vw, 1024px\" \/><\/figure>\n\n\n\n<figure class=\"wp-block-image size-large\"><img loading=\"lazy\" decoding=\"async\" width=\"1024\" height=\"1024\" data-id=\"63\" src=\"https:\/\/performance.texoplex.ch\/wp-content\/uploads\/2025\/01\/7471656755_576723764989873_1357974597555396_n-1024x1024.jpg\" alt=\"\" class=\"wp-image-63\" srcset=\"https:\/\/performance.texoplex.ch\/wp-content\/uploads\/2025\/01\/7471656755_576723764989873_1357974597555396_n-1024x1024.jpg 1024w, https:\/\/performance.texoplex.ch\/wp-content\/uploads\/2025\/01\/7471656755_576723764989873_1357974597555396_n-300x300.jpg 300w, https:\/\/performance.texoplex.ch\/wp-content\/uploads\/2025\/01\/7471656755_576723764989873_1357974597555396_n-150x150.jpg 150w, https:\/\/performance.texoplex.ch\/wp-content\/uploads\/2025\/01\/7471656755_576723764989873_1357974597555396_n-768x768.jpg 768w, https:\/\/performance.texoplex.ch\/wp-content\/uploads\/2025\/01\/7471656755_576723764989873_1357974597555396_n.jpg 1080w\" sizes=\"auto, (max-width: 1024px) 100vw, 1024px\" \/><\/figure>\n\n\n\n<figure class=\"wp-block-image size-large\"><img loading=\"lazy\" decoding=\"async\" width=\"1024\" height=\"1024\" data-id=\"62\" src=\"https:\/\/performance.texoplex.ch\/wp-content\/uploads\/2025\/01\/6471385239_576723754989874_2909161594511861883_n-1024x1024.jpg\" alt=\"\" class=\"wp-image-62\" srcset=\"https:\/\/performance.texoplex.ch\/wp-content\/uploads\/2025\/01\/6471385239_576723754989874_2909161594511861883_n-1024x1024.jpg 1024w, https:\/\/performance.texoplex.ch\/wp-content\/uploads\/2025\/01\/6471385239_576723754989874_2909161594511861883_n-300x300.jpg 300w, https:\/\/performance.texoplex.ch\/wp-content\/uploads\/2025\/01\/6471385239_576723754989874_2909161594511861883_n-150x150.jpg 150w, https:\/\/performance.texoplex.ch\/wp-content\/uploads\/2025\/01\/6471385239_576723754989874_2909161594511861883_n-768x768.jpg 768w, https:\/\/performance.texoplex.ch\/wp-content\/uploads\/2025\/01\/6471385239_576723754989874_2909161594511861883_n.jpg 1080w\" sizes=\"auto, (max-width: 1024px) 100vw, 1024px\" \/><\/figure>\n<\/figure>\n\n\n\n<figure class=\"wp-block-image size-full\"><img loading=\"lazy\" decoding=\"async\" width=\"752\" height=\"1020\" src=\"https:\/\/performance.texoplex.ch\/wp-content\/uploads\/2025\/01\/470572368_576250848370498_7931665718831649025_n.jpg\" alt=\"\" class=\"wp-image-70\" srcset=\"https:\/\/performance.texoplex.ch\/wp-content\/uploads\/2025\/01\/470572368_576250848370498_7931665718831649025_n.jpg 752w, https:\/\/performance.texoplex.ch\/wp-content\/uploads\/2025\/01\/470572368_576250848370498_7931665718831649025_n-221x300.jpg 221w\" sizes=\"auto, (max-width: 752px) 100vw, 752px\" \/><\/figure>\n\n\n\n<p>2024 @ toxi offspace<br><br>Alle wollen was.<br>Geld, gutes Essen, eine gute Figur, ewige Jugend, ein schnelles Auto, Sex, Liebe und Frieden.<br>Und ich verkaufe mich.<br>Selbstbestimmt und selbstbewusst.<br><br>Aber eigentlich will ich nicht auf einen Bobbycar&#8230;<br><br>Zur Performance:<br><br>Ich sitze auf einem Bobbycar, dazu l\u00e4uft Jungle-artiger Drum&#8217;n&#8217;Bass und ich singe: &#8222;Ich will n\u00f6d ufen Bobbycar!&#8220;<br><br>Dann sp\u00e4ter beginnt ein Prodigy-Cover aus der kleinen Box zu dr\u00f6hnen, ich setze meinen Bobbycar in Bewegung, kreise um die Musikbox, und schreie dazu mehrmals &#8222;Du bisch n\u00f6d guet f\u00fcr mich! Ich bruuch niemmert!&#8220;<br><br>Dann &#8222;Ich m\u00f6chte ein Eisb\u00e4r sein&#8220;, auf dem Boden liegend mit V-Stellung der Beine an die Wand gespreizt&#8230;<br><br>Es werden noch 2 weitere selbstproduzierte Songs abgespielt, zu denen ich mich r\u00e4kle, zu denen ich tanze, lasziv und mir in den Schritt fasse. A la Michael Jackson&#8230;. &#8222;Monster&#8220; ist der Text dazu. Ein Wort das ich immer wieder wiederholend in l\u00e4ngeren Abst\u00e4nden ins Megaphon singe.<br><br>Genau gegen Schluss der Performance sitze ich gespreitzt dem Publikum geg\u00fcber und die Musikbox befindet sich zwischen meinen Beinen.<br><br>Ich stehe auf, zieh meine in Regenbogenfarben gestrickte Domino-Kappe ab, und verneige mich.<\/p>\n\n\n\n<p>Im Hintergrund sind meine Booklets aufgeh\u00e4ngt, in denen ich mich halbnackt abgelichtet habe, wo auch meine Speckr\u00f6llchen zu sehen sind und dass ich Cellulites habe. Aber ich inszeniere mich trotzdem selbstbewusst uns sexy.<\/p>\n\n\n\n<figure class=\"wp-block-image size-large\"><img loading=\"lazy\" decoding=\"async\" width=\"1024\" height=\"896\" src=\"https:\/\/performance.texoplex.ch\/wp-content\/uploads\/2025\/01\/469127178_562008669794716_5508961451381711711_n-1024x896.jpg\" alt=\"\" class=\"wp-image-156\" srcset=\"https:\/\/performance.texoplex.ch\/wp-content\/uploads\/2025\/01\/469127178_562008669794716_5508961451381711711_n-1024x896.jpg 1024w, https:\/\/performance.texoplex.ch\/wp-content\/uploads\/2025\/01\/469127178_562008669794716_5508961451381711711_n-300x263.jpg 300w, https:\/\/performance.texoplex.ch\/wp-content\/uploads\/2025\/01\/469127178_562008669794716_5508961451381711711_n-768x672.jpg 768w, https:\/\/performance.texoplex.ch\/wp-content\/uploads\/2025\/01\/469127178_562008669794716_5508961451381711711_n-1536x1344.jpg 1536w, https:\/\/performance.texoplex.ch\/wp-content\/uploads\/2025\/01\/469127178_562008669794716_5508961451381711711_n.jpg 2048w\" sizes=\"auto, (max-width: 1024px) 100vw, 1024px\" \/><\/figure>\n\n\n\n<p>Buy the very expensive book of B. Anana &#8211; My Body 2024<br><br>Auflage 100 St\u00fcck<br>Individualisiert mit Original-Zeichnungen<\/p>\n","protected":false},"excerpt":{"rendered":"<p>Buy the very expensive book of B. Anana &#8211; My Body 2024 @ toxi offspace Alle wollen was.Geld, gutes Essen, eine gute Figur, ewige Jugend, ein schnelles Auto, Sex, Liebe und Frieden.Und ich verkaufe mich.Selbstbestimmt und selbstbewusst. Aber eigentlich will ich nicht auf einen Bobbycar&#8230; Zur Performance: Ich sitze auf einem Bobbycar, dazu l\u00e4uft Jungle-artiger [&hellip;]<\/p>\n","protected":false},"author":1,"featured_media":0,"parent":0,"menu_order":0,"comment_status":"closed","ping_status":"closed","template":"","meta":{"footnotes":""},"class_list":["post-10","page","type-page","status-publish","hentry"],"_links":{"self":[{"href":"https:\/\/performance.texoplex.ch\/index.php?rest_route=\/wp\/v2\/pages\/10","targetHints":{"allow":["GET"]}}],"collection":[{"href":"https:\/\/performance.texoplex.ch\/index.php?rest_route=\/wp\/v2\/pages"}],"about":[{"href":"https:\/\/performance.texoplex.ch\/index.php?rest_route=\/wp\/v2\/types\/page"}],"author":[{"embeddable":true,"href":"https:\/\/performance.texoplex.ch\/index.php?rest_route=\/wp\/v2\/users\/1"}],"replies":[{"embeddable":true,"href":"https:\/\/performance.texoplex.ch\/index.php?rest_route=%2Fwp%2Fv2%2Fcomments&post=10"}],"version-history":[{"count":15,"href":"https:\/\/performance.texoplex.ch\/index.php?rest_route=\/wp\/v2\/pages\/10\/revisions"}],"predecessor-version":[{"id":160,"href":"https:\/\/performance.texoplex.ch\/index.php?rest_route=\/wp\/v2\/pages\/10\/revisions\/160"}],"wp:attachment":[{"href":"https:\/\/performance.texoplex.ch\/index.php?rest_route=%2Fwp%2Fv2%2Fmedia&parent=10"}],"curies":[{"name":"wp","href":"https:\/\/api.w.org\/{rel}","templated":true}]}}